{"id":27,"date":"2019-10-15T17:15:43","date_gmt":"2019-10-15T15:15:43","guid":{"rendered":"https:\/\/www.haciendasamanabay.com\/?page_id=27"},"modified":"2019-10-15T17:15:43","modified_gmt":"2019-10-15T15:15:43","slug":"politica-de-cookies","status":"publish","type":"page","link":"https:\/\/www.haciendasamanabay.com\/en\/politica-de-cookies\/","title":{"rendered":"Pol\u00edtica de cookies"},"content":{"rendered":"<h1>Pol\u00edtica de Cookies<\/h1>\n<p>A continuaci\u00f3n, se establecen las principales obligaciones en materia de cookies tales como; informaci\u00f3n al usuario de la web del tipo de cookies utilizadas por la web, finalidades de las mismas, consentimiento del usuario, formas de pedir el consentimiento, aviso legal, pol\u00edtica de cookies, etc.<\/p>\n<h4>1. Concepto de Cookies<\/h4>\n<p>Las cookies son ficheros que se almacenan en el ordenador del usuario que navega a trav\u00e9s de Internet y que, en particular, contiene un n\u00famero que permite identificar un\u00edvocamente el ordenador del usuario, aunque \u00e9ste cambie de localizaci\u00f3n o de direcci\u00f3n IP.<\/p>\n<p>Las cookies son instaladas durante la navegaci\u00f3n por Internet, bien por los sitios web que visita el usuario o bien por terceros con los que se relaciona el sitio web, y permiten a \u00e9ste conocer su actividad en el mismo sitio o en otros con los que se relaciona \u00e9ste, por ejemplo: el lugar desde el que accede, el tiempo de conexi\u00f3n, el dispositivo desde el que accede (fijo o m\u00f3vil), el sistema operativo y navegador utilizados, las p\u00e1ginas m\u00e1s visitadas, el n\u00famero de clic realizados y de datos respecto al comportamiento del usuario en Internet.<\/p>\n<p>El sitio web es accesible sin necesidad de que las cookies est\u00e9n activadas, si bien, su desactivaci\u00f3n puede impedir el correcto funcionamiento del mismo.<\/p>\n<h4>2. Tipos de Cookies<\/h4>\n<p><strong>2.1. Tipos de Cookies existentes<\/strong><\/p>\n<p>Las cookies pueden clasificarse en funci\u00f3n a la entidad que las gestiona, seg\u00fan el tiempo que permanecen activadas en el equipo terminal y seg\u00fan su finalidad.<\/p>\n<p>La obligaci\u00f3n principal para las Empresas o prestadores de servicios en la sociedad de la informaci\u00f3n o internet, mediante medios como p\u00e1ginas web, plataformas o aplicaciones inform\u00e1ticas la establece el art. 22.2 de la LSSI que, establece:<\/p>\n<p>\u201cLos prestadores de servicios podr\u00e1n utilizar dispositivos de almacenamiento y recuperaci\u00f3n de datos en equipos terminales de los destinatarios, a condici\u00f3n de que los mismos hayan dado su consentimiento despu\u00e9s de que se les haya facilitado informaci\u00f3n clara y completa sobre su utilizaci\u00f3n, en particular, sobre los fines del tratamiento de los datos (\u2026)\u201d.<\/p>\n<p>As\u00ed mismo, quedan exceptuadas del cumplimiento de las obligaciones establecidas en el art\u00edculo 22.2 de la LSSI las cookies utilizadas para alguna de las siguientes finalidades:<\/p>\n<p>\u2022 Permitir \u00fanicamente la comunicaci\u00f3n entre el equipo del usuario y la red.<br \/>\n\u2022 Estrictamente prestar un servicio expresamente solicitado por el usuario.<\/p>\n<p>En este sentido, las cookies que estar\u00edan exceptuadas de las obligaciones dispuestas en el art. 22.2 las que tengan las siguientes finalidades:<br \/>\n\u2022 Cookies de entrada del usuario.<br \/>\n\u2022 Cookies de autenticaci\u00f3n o identificaci\u00f3n de usuario (\u00fanicamente de sesi\u00f3n).<br \/>\n\u2022 Cookies de seguridad del usuario. (intentos err\u00f3neos y reiterados de conexi\u00f3n).<br \/>\n\u2022 Cookies de sesi\u00f3n de reproductor multimedia.<br \/>\n\u2022 Cookies de sesi\u00f3n para equilibrar la carga.<br \/>\n\u2022 Cookies de personalizaci\u00f3n de la interfaz de usuario.<br \/>\n\u2022 Cookies de complemento para intercambiar contenidos sociales.<\/p>\n<p>Estas cookies quedan excluidas del \u00e1mbito de aplicaci\u00f3n del art. 22.2 de la LSSI, y por lo tanto, no ser\u00eda necesario informar ni obtener el consentimiento sobre su uso. Por el contrario, ser\u00eda necesario informar y obtener el consentimiento para la instalaci\u00f3n y utilizaci\u00f3n de cualesquiera otro tipo de cookies, tanto de primera como de tercera parte, de sesi\u00f3n o persistentes, quedando sometidas al \u00e1mbito de aplicaci\u00f3n del art\u00edculo 22.2 de la LSSI, sobre las que ser\u00e1n \u00fatiles las orientaciones de este documento.<br \/>\nLas cookies seg\u00fan la entidad que las gestione, pueden ser:<br \/>\n\u2022 Cookies propias: Son aquellas que se env\u00edan al equipo terminal del usuario desde un equipo o dominio gestionado por el propio editor y desde el que se presta el servicio solicitado por el usuario.<br \/>\n\u2022 Cookies de tercero: Son aquellas que se env\u00edan al equipo terminal del usuario desde un equipo o dominio que no es gestionado por el editor, sino por otra entidad que trata los datos obtenidos a trav\u00e9s de las cookies.<\/p>\n<p>Las cookies seg\u00fan el plazo de tiempo que permanecen activadas en el equipo terminal podemos distinguir:<br \/>\n\u2022 Cookies de sesi\u00f3n: Son un tipo de cookies dise\u00f1adas para recabar y almacenar datos mientras el usuario accede a una p\u00e1gina web.<br \/>\n\u2022 Cookies persistentes: Son un tipo de cookies en el que los datos siguen almacenados en el terminal y pueden ser accedidos y tratados durante un periodo definido por el responsable de la cookie, y que puede ir de unos minutos a varios a\u00f1os.<\/p>\n<p>Las cookies seg\u00fan su finalidad, pueden ser:<br \/>\n\u2022 Cookies t\u00e9cnicas: Son aquellas que permiten al usuario la navegaci\u00f3n a trav\u00e9s de una p\u00e1gina web, plataforma o aplicaci\u00f3n y la utilizaci\u00f3n de las diferentes opciones o servicios que en ella existan como, por ejemplo, controlar el tr\u00e1fico y la comunicaci\u00f3n de datos, identificar la sesi\u00f3n, acceder a partes de acceso restringido, recordar los elementos que integran un pedido, realizar el proceso de compra de un pedido, realizar la solicitud de inscripci\u00f3n o participaci\u00f3n de\u00a0 un evento, utilizar elementos de seguridad durante la navegaci\u00f3n, almacenar contenidos para la difusi\u00f3n de videos o sonido o compartir contenidos a trav\u00e9s de redes sociales.<\/p>\n<p>\u2022 Cookies de personalizaci\u00f3n: Son aquellas que permiten al usuario acceder al servicio con algunas caracter\u00edsticas de car\u00e1cter general predefinidas en funci\u00f3n de una serie de criterios en el terminal del usuario como por ejemplo serian el\u00a0 idioma, el tipo de navegador a trav\u00e9s del cual accede al servicio, la configuraci\u00f3n regional desde donde accede al servicio, etc.<\/p>\n<p>\u2022 Cookies de an\u00e1lisis: Son aquellas que permiten al responsable de las mismas, el seguimiento y an\u00e1lisis del comportamiento de los usuarios de los sitios web a los que est\u00e1n vinculadas. La informaci\u00f3n recogida mediante este tipo de cookies se utiliza en la medici\u00f3n de la actividad de los sitios web, aplicaci\u00f3n o plataforma y para la elaboraci\u00f3n de perfiles de navegaci\u00f3n de los usuarios de dichos sitios, aplicaciones y plataformas, con el fin de introducir mejoras en funci\u00f3n del an\u00e1lisis de los datos de uso que hacen los usuarios del servicio.<\/p>\n<p>\u2022 Cookies publicitarias: Son aquellas que permiten la gesti\u00f3n, de la forma m\u00e1s eficaz posible, de los espacios publicitarios que, en su caso, el editor haya incluido en una p\u00e1gina web, aplicaci\u00f3n o plataforma desde la que presta el servicio solicitado en base a criterios como el contenido editado o la frecuencia en la que se muestran los anuncios.<\/p>\n<p>\u2022 Cookies de publicidad comportamental: Son aquellas que permiten la gesti\u00f3n, de la forma m\u00e1s eficaz posible, de los espacios publicitarios que, en su caso, el editor haya incluido en una p\u00e1gina web, aplicaci\u00f3n o plataforma desde la que presta el servicio solicitado. Estas cookies almacenan informaci\u00f3n del comportamiento de los usuarios obtenida a trav\u00e9s de la observaci\u00f3n continuada de sus h\u00e1bitos de navegaci\u00f3n, lo que permite desarrollar un perfil espec\u00edfico para mostrar publicidad en funci\u00f3n del mismo.<\/p>\n<p>2.2. Tipos de Cookies que se utilizan en la Web<br \/>\nLa presente web utiliza las siguientes cookies:<\/p>\n<ul>\n<li><b>Cookies de an\u00e1lisis:<\/b>\u00a0Son aqu\u00e9llas que bien tratadas por nosotros o por terceros, nos permiten cuantificar el n\u00famero de usuarios y as\u00ed realizar la medici\u00f3n y an\u00e1lisis estad\u00edstico de la utilizaci\u00f3n que hacen los usuarios del servicio ofertado. Para ello se analiza su navegaci\u00f3n en nuestra p\u00e1gina web con el fin de mejorar la oferta de productos o servicios que le ofrecemos.<\/li>\n<li><b>Cookies t\u00e9cnicas:<\/b>\u00a0Son aquellas que permiten al usuario la navegaci\u00f3n a trav\u00e9s del \u00e1rea restringida y la utilizaci\u00f3n de sus diferentes funciones, como por ejemplo, llevar a cambio el proceso de compra de un art\u00edculo.<\/li>\n<li><b>Cookies de personalizaci\u00f3n:<\/b>\u00a0Son aquellas que permiten al usuario acceder al servicio con algunas caracter\u00edsticas de car\u00e1cter general predefinidas en funci\u00f3n de una serie de criterios en el terminal del usuario como por ejemplo serian el idioma o el tipo de navegador a trav\u00e9s del cual se conecta al servicio.<\/li>\n<li><b>Cookies publicitarias:<\/b>\u00a0Son aqu\u00e9llas que, bien tratadas por esta web o por terceros, permiten gestionar de la forma m\u00e1s eficaz posible la oferta de los espacios publicitarios que hay en la p\u00e1gina web, adecuando el contenido del anuncio al contenido del servicio solicitado o al uso que realice de nuestra p\u00e1gina web. Para ello podemos analizar sus h\u00e1bitos de navegaci\u00f3n en Internet y podemos mostrarle publicidad relacionada con su perfil de navegaci\u00f3n.<\/li>\n<li><b>Cookies de publicidad comportamental:<\/b>\u00a0Son aquellas que permiten la gesti\u00f3n, de la forma m\u00e1s eficaz posible, de los espacios publicitarios que, en su caso, el editor haya incluido en una p\u00e1gina web, aplicaci\u00f3n o plataforma desde la que presta el servicio solicitado. Este tipo de cookies almacenan informaci\u00f3n del comportamiento de los visitantes obtenida a trav\u00e9s de la observaci\u00f3n continuada de sus h\u00e1bitos de navegaci\u00f3n, lo que permite desarrollar un perfil espec\u00edfico para mostrar avisos publicitarios en funci\u00f3n del mismo.<\/li>\n<\/ul>\n<h4>3. Informaci\u00f3n sobre las obligaciones legales en el uso de la Cookies<\/h4>\n<p>Las obligaciones legales impuestas por la normativa son dos: el deber de informaci\u00f3n y la obtenci\u00f3n del consentimiento.<br \/>\nEn primer lugar lo primero que hay que hacer es identificar las cookies que se est\u00e1n instalando o utilizando, analizando si son cookies propias o de terceros, de sesi\u00f3n o permanentes y, concretando su funci\u00f3n para poder decidir si las mismas se encuentran o no en el \u00e1mbito de aplicaci\u00f3n del art\u00edculo 22.2.<br \/>\nEl apartado segundo del art\u00edculo 22 de la LSSI establece que se debe facilitar a los usuarios informaci\u00f3n clara y completa sobre la utilizaci\u00f3n de los dispositivos de almacenamiento y recuperaci\u00f3n de datos y, en particular, sobre los fines del tratamiento de los datos, con arreglo a lo dispuesto en la Ley Org\u00e1nica 3\/2018, de 5 de diciembre, de Protecci\u00f3n de Datos Personales y Garant\u00eda de los Derechos Digitales.<br \/>\nPor consiguiente, la informaci\u00f3n sobre las cookies facilitada en el momento de solicitar el consentimiento debe ser suficientemente completa para permitir a los usuarios entender la finalidad para las que se instalaron y conocer los usos que se les dar\u00e1n.<br \/>\nEn el caso de que un usuario preste su consentimiento para el uso de cookies, la informaci\u00f3n sobre c\u00f3mo revocar el consentimiento y eliminar las cookies deber\u00e1 de estar a su disposici\u00f3n de forma accesible y permanente.<br \/>\nLa informaci\u00f3n obligatoria podr\u00e1 ofrecerse mediante m\u00faltiples sistemas. Como m\u00e1s adelante veremos, generalmente, con estos medios no s\u00f3lo se suministrar\u00e1 la informaci\u00f3n necesaria, sino que tambi\u00e9n se podr\u00e1 solicitar el consentimiento del usuario para la instalaci\u00f3n de los dispositivos.<\/p>\n<p>Entre los m\u00e9todos m\u00e1s comunes, est\u00e1n:<br \/>\n\u2022 El suministro de la informaci\u00f3n a trav\u00e9s de una barra de encabezamiento o en el pie de p\u00e1gina, de forma suficientemente visible.<br \/>\n\u2022 Al solicitar el alta en un servicio, o antes de descargar un servicio o una aplicaci\u00f3n, podr\u00e1 suministrarse esta informaci\u00f3n junto con la pol\u00edtica de privacidad, o en los t\u00e9rminos y condiciones de uso del servicio.<\/p>\n<p>As\u00ed mismo, deber\u00e1 ofrecerse informaci\u00f3n sobre la forma de desactivar o eliminar las cookies enunciadas a trav\u00e9s de las funcionalidades facilitadas por el editor, as\u00ed como la forma de revocaci\u00f3n del consentimiento ya prestado.<\/p>\n<p>4. Autorizaci\u00f3n para el uso de cookies<br \/>\nDe conformidad con el aviso de cookies que aparece en la p\u00e1gina del sitio web, el usuario o visitante de los mismos acepta que, al navegar por el mismo, consiente expresamente el uso de cookies seg\u00fan la descripci\u00f3n que se detalla a continuaci\u00f3n, excepto en la medida que haya modificado la configuraci\u00f3n de su navegador para rechazar la utilizaci\u00f3n de las mismas.<\/p>\n<h4>5. Configuraci\u00f3n del navegador<\/h4>\n<p>El Titular recuerda a sus usuarios que el uso de cookies podr\u00e1 estar sujeto a su aceptaci\u00f3n durante la instalaci\u00f3n o actualizaci\u00f3n del navegador utilizado por \u00e9stos.<br \/>\nEsta aceptaci\u00f3n podr\u00e1 ser revocada mediante las opciones de configuraci\u00f3n de contenidos y privacidad disponibles en el mismo. El Titular recomienda a sus usuarios que consulten la ayuda de su navegador o acceda a las p\u00e1ginas web de ayuda de los principales navegadores:<\/p>\n<p>Firefox: <a href=\"http:\/\/support.mozilla.org\/es\/kb\/cookies-informacion-que-los-sitios-web-guardan-en-\">http:\/\/support.mozilla.org\/es\/kb\/cookies-informacion-que-los-sitios-web-guardan-en-<\/a><br \/>\nChrome: <a href=\"http:\/\/support.google.com\/chrome\/bin\/answer.py?hl=es&amp;answer=95647\">http:\/\/support.google.com\/chrome\/bin\/answer.py?hl=es&amp;answer=95647<\/a><br \/>\nSafari: <a href=\"http:\/\/support.apple.com\/kb\/ph5042\">http:\/\/support.apple.com\/kb\/ph5042<\/a><br \/>\nExplorer: <a href=\"http:\/\/windows.microsoft.com\/es-es\/windows7\/how-to-manage-cookies-in-internet-explorer-9\">http:\/\/windows.microsoft.com\/es-es\/windows7\/how-to-manage-cookies-in-internet-explorer-9<\/a><\/p>\n<p>Si el usuario desea realizar alguna pregunta sobre la Pol\u00edtica de Cookies del Sitio Web, se puede poner en contacto con el Titular a trav\u00e9s de la siguiente direcci\u00f3n: info@XXXXXXXXXXXXXXX.com indicando en el asunto \u00abPol\u00edtica de Cookies\u00bb.<\/p>","protected":false},"excerpt":{"rendered":"<p>Pol\u00edtica de Cookies A continuaci\u00f3n, se establecen las principales obligaciones en materia de cookies tales como; informaci\u00f3n al usuario de la web del tipo de cookies utilizadas por la web, finalidades de las mismas, consentimiento del usuario, formas de pedir el consentimiento, aviso legal, pol\u00edtica de cookies, etc. 1. Concepto de Cookies Las cookies son [&hellip;]<\/p>","protected":false},"author":1,"featured_media":0,"parent":0,"menu_order":0,"comment_status":"closed","ping_status":"closed","template":"","meta":{"_acf_changed":false,"footnotes":""},"class_list":["post-27","page","type-page","status-publish","hentry"],"acf":[],"_links":{"self":[{"href":"https:\/\/www.haciendasamanabay.com\/en\/wp-json\/wp\/v2\/pages\/27"}],"collection":[{"href":"https:\/\/www.haciendasamanabay.com\/en\/wp-json\/wp\/v2\/pages"}],"about":[{"href":"https:\/\/www.haciendasamanabay.com\/en\/wp-json\/wp\/v2\/types\/page"}],"author":[{"embeddable":true,"href":"https:\/\/www.haciendasamanabay.com\/en\/wp-json\/wp\/v2\/users\/1"}],"replies":[{"embeddable":true,"href":"https:\/\/www.haciendasamanabay.com\/en\/wp-json\/wp\/v2\/comments?post=27"}],"version-history":[{"count":2,"href":"https:\/\/www.haciendasamanabay.com\/en\/wp-json\/wp\/v2\/pages\/27\/revisions"}],"predecessor-version":[{"id":50,"href":"https:\/\/www.haciendasamanabay.com\/en\/wp-json\/wp\/v2\/pages\/27\/revisions\/50"}],"wp:attachment":[{"href":"https:\/\/www.haciendasamanabay.com\/en\/wp-json\/wp\/v2\/media?parent=27"}],"curies":[{"name":"wp","href":"https:\/\/api.w.org\/{rel}","templated":true}]}}